{"id":1324,"date":"2013-12-02T16:58:50","date_gmt":"2013-12-02T15:58:50","guid":{"rendered":"http:\/\/saint-andre-d-olerargues.com\/wpdossier\/?page_id=1324"},"modified":"2014-02-11T15:15:13","modified_gmt":"2014-02-11T14:15:13","slug":"galerie-de-dessins-de-lauteur","status":"publish","type":"page","link":"http:\/\/saint-andre-d-olerargues.com\/wpdossier\/galerie-de-dessins-de-lauteur\/","title":{"rendered":"Galerie de dessins de l&rsquo;auteur"},"content":{"rendered":"<p>Tous ces dessins sont r\u00e9alis\u00e9s en monochrome, \u00e0 l&rsquo;encre de chine ou \u00e0 l&rsquo;encre d&rsquo;imprimerie. Ce sont des mati\u00e8res que j&rsquo;aime beaucoup travailler, que ce soit \u00e0 la plume ou au lavis.<br \/>\nLes dessins comportant une mise en page avec des \u00ab\u00a0taches\u00a0\u00bb sont r\u00e9alis\u00e9s en cr\u00e9ant en premier les taches et ensuite, suivant le r\u00e9sultat et l&rsquo;inspiration, je dessine dessus \u00e0 la plume les motifs r\u00e9alistes. <\/p>\n<p><a href=\"http:\/\/saint-andre-d-olerargues.com\/wpdossier\/wp-content\/uploads\/2013\/12\/Ancienne-fa\u00e7ade-du-Ch\u00e2teau.jpg\"><img loading=\"lazy\" src=\"http:\/\/saint-andre-d-olerargues.com\/wpdossier\/wp-content\/uploads\/2013\/12\/Ancienne-fa\u00e7ade-du-Ch\u00e2teau.jpg\" alt=\"SAMSUNG DIGITAL CAMERA\" width=\"1961\" height=\"1519\" class=\"alignnone size-full wp-image-1328\" srcset=\"http:\/\/saint-andre-d-olerargues.com\/wpdossier\/wp-content\/uploads\/2013\/12\/Ancienne-fa\u00e7ade-du-Ch\u00e2teau.jpg 1961w, http:\/\/saint-andre-d-olerargues.com\/wpdossier\/wp-content\/uploads\/2013\/12\/Ancienne-fa\u00e7ade-du-Ch\u00e2teau-300x232.jpg 300w, http:\/\/saint-andre-d-olerargues.com\/wpdossier\/wp-content\/uploads\/2013\/12\/Ancienne-fa\u00e7ade-du-Ch\u00e2teau-800x619.jpg 800w\" sizes=\"(max-width: 1961px) 100vw, 1961px\" \/><\/a><br \/>\nAncienne fa\u00e7ade du ch\u00e2teau. (0.420 m x 0.300 m) <\/p>\n<p>__________________________________________________________________________<\/p>\n<p><a href=\"http:\/\/saint-andre-d-olerargues.com\/wpdossier\/wp-content\/uploads\/2013\/12\/Chateau-de-St-Andr\u00e9.jpg\"><img loading=\"lazy\" src=\"http:\/\/saint-andre-d-olerargues.com\/wpdossier\/wp-content\/uploads\/2013\/12\/Chateau-de-St-Andr\u00e9.jpg\" alt=\"SAMSUNG DIGITAL CAMERA\" width=\"2007\" height=\"1508\" class=\"alignnone size-full wp-image-1329\" srcset=\"http:\/\/saint-andre-d-olerargues.com\/wpdossier\/wp-content\/uploads\/2013\/12\/Chateau-de-St-Andr\u00e9.jpg 2007w, http:\/\/saint-andre-d-olerargues.com\/wpdossier\/wp-content\/uploads\/2013\/12\/Chateau-de-St-Andr\u00e9-300x225.jpg 300w, http:\/\/saint-andre-d-olerargues.com\/wpdossier\/wp-content\/uploads\/2013\/12\/Chateau-de-St-Andr\u00e9-800x601.jpg 800w\" sizes=\"(max-width: 2007px) 100vw, 2007px\" \/><\/a><br \/>\nCh\u00e2teau de St Andr\u00e9. (0.420 m x 0.300 m) <\/p>\n<p>__________________________________________________________________________<\/p>\n<p><a href=\"http:\/\/saint-andre-d-olerargues.com\/wpdossier\/wp-content\/uploads\/2013\/12\/D\u00e9doublement.jpg\"><img loading=\"lazy\" src=\"http:\/\/saint-andre-d-olerargues.com\/wpdossier\/wp-content\/uploads\/2013\/12\/D\u00e9doublement.jpg\" alt=\"SAMSUNG DIGITAL CAMERA\" width=\"1753\" height=\"2522\" class=\"alignnone size-full wp-image-1330\" srcset=\"http:\/\/saint-andre-d-olerargues.com\/wpdossier\/wp-content\/uploads\/2013\/12\/D\u00e9doublement.jpg 1753w, http:\/\/saint-andre-d-olerargues.com\/wpdossier\/wp-content\/uploads\/2013\/12\/D\u00e9doublement-208x300.jpg 208w, http:\/\/saint-andre-d-olerargues.com\/wpdossier\/wp-content\/uploads\/2013\/12\/D\u00e9doublement-711x1024.jpg 711w\" sizes=\"(max-width: 1753px) 100vw, 1753px\" \/><\/a><br \/>\nD\u00e9doublement. ( 1.110 m x 0.765 m)<\/p>\n<p>__________________________________________________________________________<\/p>\n<p><a href=\"http:\/\/saint-andre-d-olerargues.com\/wpdossier\/wp-content\/uploads\/2013\/12\/Explosion.jpg\"><img loading=\"lazy\" src=\"http:\/\/saint-andre-d-olerargues.com\/wpdossier\/wp-content\/uploads\/2013\/12\/Explosion.jpg\" alt=\"SAMSUNG DIGITAL CAMERA\" width=\"2368\" height=\"1677\" class=\"alignnone size-full wp-image-1331\" srcset=\"http:\/\/saint-andre-d-olerargues.com\/wpdossier\/wp-content\/uploads\/2013\/12\/Explosion.jpg 2368w, http:\/\/saint-andre-d-olerargues.com\/wpdossier\/wp-content\/uploads\/2013\/12\/Explosion-300x212.jpg 300w, http:\/\/saint-andre-d-olerargues.com\/wpdossier\/wp-content\/uploads\/2013\/12\/Explosion-800x566.jpg 800w\" sizes=\"(max-width: 2368px) 100vw, 2368px\" \/><\/a><br \/>\nExplosion. (0.730 m x 0.530 m)<\/p>\n<p>___________________________________________________________________________ <\/p>\n<p><a href=\"http:\/\/saint-andre-d-olerargues.com\/wpdossier\/wp-content\/uploads\/2013\/12\/Incendie.jpg\"><img loading=\"lazy\" src=\"http:\/\/saint-andre-d-olerargues.com\/wpdossier\/wp-content\/uploads\/2013\/12\/Incendie.jpg\" alt=\"SAMSUNG DIGITAL CAMERA\" width=\"2592\" height=\"1889\" class=\"alignnone size-full wp-image-1332\" srcset=\"http:\/\/saint-andre-d-olerargues.com\/wpdossier\/wp-content\/uploads\/2013\/12\/Incendie.jpg 2592w, http:\/\/saint-andre-d-olerargues.com\/wpdossier\/wp-content\/uploads\/2013\/12\/Incendie-300x218.jpg 300w, http:\/\/saint-andre-d-olerargues.com\/wpdossier\/wp-content\/uploads\/2013\/12\/Incendie-800x583.jpg 800w\" sizes=\"(max-width: 2592px) 100vw, 2592px\" \/><\/a><br \/>\nIncendie. (0.735 m x 0.550 m) <\/p>\n<p>____________________________________________________________________________<\/p>\n<p><a href=\"http:\/\/saint-andre-d-olerargues.com\/wpdossier\/wp-content\/uploads\/2013\/12\/La-Cloche-de-St-Andr\u00e9.jpg\"><img loading=\"lazy\" src=\"http:\/\/saint-andre-d-olerargues.com\/wpdossier\/wp-content\/uploads\/2013\/12\/La-Cloche-de-St-Andr\u00e9.jpg\" alt=\"SAMSUNG DIGITAL CAMERA\" width=\"2261\" height=\"1800\" class=\"alignnone size-full wp-image-1333\" srcset=\"http:\/\/saint-andre-d-olerargues.com\/wpdossier\/wp-content\/uploads\/2013\/12\/La-Cloche-de-St-Andr\u00e9.jpg 2261w, http:\/\/saint-andre-d-olerargues.com\/wpdossier\/wp-content\/uploads\/2013\/12\/La-Cloche-de-St-Andr\u00e9-300x238.jpg 300w, http:\/\/saint-andre-d-olerargues.com\/wpdossier\/wp-content\/uploads\/2013\/12\/La-Cloche-de-St-Andr\u00e9-800x636.jpg 800w\" sizes=\"(max-width: 2261px) 100vw, 2261px\" \/><\/a><br \/>\nLa cloche de St Andr\u00e9. (0.560 m x 0.400 m) <\/p>\n<p>____________________________________________________________________________<\/p>\n<p><a href=\"http:\/\/saint-andre-d-olerargues.com\/wpdossier\/wp-content\/uploads\/2013\/12\/La-Flachere.jpg\"><img loading=\"lazy\" src=\"http:\/\/saint-andre-d-olerargues.com\/wpdossier\/wp-content\/uploads\/2013\/12\/La-Flachere.jpg\" alt=\"SAMSUNG DIGITAL CAMERA\" width=\"1521\" height=\"1057\" class=\"alignnone size-full wp-image-1334\" srcset=\"http:\/\/saint-andre-d-olerargues.com\/wpdossier\/wp-content\/uploads\/2013\/12\/La-Flachere.jpg 1521w, http:\/\/saint-andre-d-olerargues.com\/wpdossier\/wp-content\/uploads\/2013\/12\/La-Flachere-300x208.jpg 300w, http:\/\/saint-andre-d-olerargues.com\/wpdossier\/wp-content\/uploads\/2013\/12\/La-Flachere-800x555.jpg 800w\" sizes=\"(max-width: 1521px) 100vw, 1521px\" \/><\/a><br \/>\nLa Flach\u00e8re. (0.420 m x 0.300 m) <\/p>\n<p>______________________________________________________________________________<\/p>\n<p><a href=\"http:\/\/saint-andre-d-olerargues.com\/wpdossier\/wp-content\/uploads\/2013\/12\/la-grotte-de-Platon.jpg\"><img loading=\"lazy\" src=\"http:\/\/saint-andre-d-olerargues.com\/wpdossier\/wp-content\/uploads\/2013\/12\/la-grotte-de-Platon.jpg\" alt=\"SAMSUNG DIGITAL CAMERA\" width=\"2521\" height=\"1750\" class=\"alignnone size-full wp-image-1335\" srcset=\"http:\/\/saint-andre-d-olerargues.com\/wpdossier\/wp-content\/uploads\/2013\/12\/la-grotte-de-Platon.jpg 2521w, http:\/\/saint-andre-d-olerargues.com\/wpdossier\/wp-content\/uploads\/2013\/12\/la-grotte-de-Platon-300x208.jpg 300w, http:\/\/saint-andre-d-olerargues.com\/wpdossier\/wp-content\/uploads\/2013\/12\/la-grotte-de-Platon-800x555.jpg 800w\" sizes=\"(max-width: 2521px) 100vw, 2521px\" \/><\/a><br \/>\nLa grotte de Platon. (1.110 m x 0.765 m)<\/p>\n<p>________________________________________________________________________________<\/p>\n<p><a href=\"http:\/\/saint-andre-d-olerargues.com\/wpdossier\/wp-content\/uploads\/2013\/12\/Le-refuge.jpg\"><img loading=\"lazy\" src=\"http:\/\/saint-andre-d-olerargues.com\/wpdossier\/wp-content\/uploads\/2013\/12\/Le-refuge.jpg\" alt=\"SAMSUNG DIGITAL CAMERA\" width=\"2401\" height=\"1721\" class=\"alignnone size-full wp-image-1336\" srcset=\"http:\/\/saint-andre-d-olerargues.com\/wpdossier\/wp-content\/uploads\/2013\/12\/Le-refuge.jpg 2401w, http:\/\/saint-andre-d-olerargues.com\/wpdossier\/wp-content\/uploads\/2013\/12\/Le-refuge-300x215.jpg 300w, http:\/\/saint-andre-d-olerargues.com\/wpdossier\/wp-content\/uploads\/2013\/12\/Le-refuge-800x573.jpg 800w\" sizes=\"(max-width: 2401px) 100vw, 2401px\" \/><\/a><br \/>\nLe refuge. (0.730 m x 0.520 m) <\/p>\n<p>________________________________________________________________________________<\/p>\n<p><a href=\"http:\/\/saint-andre-d-olerargues.com\/wpdossier\/wp-content\/uploads\/2013\/12\/Les-amandiers-en-fleurs.jpg\"><img loading=\"lazy\" src=\"http:\/\/saint-andre-d-olerargues.com\/wpdossier\/wp-content\/uploads\/2013\/12\/Les-amandiers-en-fleurs.jpg\" alt=\"SAMSUNG DIGITAL CAMERA\" width=\"2436\" height=\"1653\" class=\"alignnone size-full wp-image-1337\" srcset=\"http:\/\/saint-andre-d-olerargues.com\/wpdossier\/wp-content\/uploads\/2013\/12\/Les-amandiers-en-fleurs.jpg 2436w, http:\/\/saint-andre-d-olerargues.com\/wpdossier\/wp-content\/uploads\/2013\/12\/Les-amandiers-en-fleurs-300x203.jpg 300w, http:\/\/saint-andre-d-olerargues.com\/wpdossier\/wp-content\/uploads\/2013\/12\/Les-amandiers-en-fleurs-800x542.jpg 800w\" sizes=\"(max-width: 2436px) 100vw, 2436px\" \/><\/a><br \/>\nLes amandiers en fleurs.(1.080 m x 0.750 m)  <\/p>\n<p>_________________________________________________________________________________<\/p>\n<p><a href=\"http:\/\/saint-andre-d-olerargues.com\/wpdossier\/wp-content\/uploads\/2013\/12\/Les-oiseaux-\u00e0-la-Buissi\u00e8re.jpg\"><img loading=\"lazy\" src=\"http:\/\/saint-andre-d-olerargues.com\/wpdossier\/wp-content\/uploads\/2013\/12\/Les-oiseaux-\u00e0-la-Buissi\u00e8re.jpg\" alt=\"SAMSUNG DIGITAL CAMERA\" width=\"1818\" height=\"2516\" class=\"alignnone size-full wp-image-1338\" srcset=\"http:\/\/saint-andre-d-olerargues.com\/wpdossier\/wp-content\/uploads\/2013\/12\/Les-oiseaux-\u00e0-la-Buissi\u00e8re.jpg 1818w, http:\/\/saint-andre-d-olerargues.com\/wpdossier\/wp-content\/uploads\/2013\/12\/Les-oiseaux-\u00e0-la-Buissi\u00e8re-216x300.jpg 216w, http:\/\/saint-andre-d-olerargues.com\/wpdossier\/wp-content\/uploads\/2013\/12\/Les-oiseaux-\u00e0-la-Buissi\u00e8re-739x1024.jpg 739w\" sizes=\"(max-width: 1818px) 100vw, 1818px\" \/><\/a><br \/>\nLes oiseaux \u00e0 la Buissi\u00e8re.(1.110 m x 0.750 m)<\/p>\n<p>_________________________________________________________________________________  <\/p>\n<p><a href=\"http:\/\/saint-andre-d-olerargues.com\/wpdossier\/wp-content\/uploads\/2013\/12\/Maison-de-village-1.jpg\"><img loading=\"lazy\" src=\"http:\/\/saint-andre-d-olerargues.com\/wpdossier\/wp-content\/uploads\/2013\/12\/Maison-de-village-1.jpg\" alt=\"SAMSUNG DIGITAL CAMERA\" width=\"2075\" height=\"1530\" class=\"alignnone size-full wp-image-1339\" srcset=\"http:\/\/saint-andre-d-olerargues.com\/wpdossier\/wp-content\/uploads\/2013\/12\/Maison-de-village-1.jpg 2075w, http:\/\/saint-andre-d-olerargues.com\/wpdossier\/wp-content\/uploads\/2013\/12\/Maison-de-village-1-300x221.jpg 300w, http:\/\/saint-andre-d-olerargues.com\/wpdossier\/wp-content\/uploads\/2013\/12\/Maison-de-village-1-800x589.jpg 800w\" sizes=\"(max-width: 2075px) 100vw, 2075px\" \/><\/a><br \/>\nMaison de village 1. (0.420 m x 0.300 m) <\/p>\n<p>_________________________________________________________________________________<\/p>\n<p><a href=\"http:\/\/saint-andre-d-olerargues.com\/wpdossier\/wp-content\/uploads\/2013\/12\/Maison-de-village-2.jpg\"><img loading=\"lazy\" src=\"http:\/\/saint-andre-d-olerargues.com\/wpdossier\/wp-content\/uploads\/2013\/12\/Maison-de-village-2.jpg\" alt=\"SAMSUNG DIGITAL CAMERA\" width=\"2008\" height=\"1478\" class=\"alignnone size-full wp-image-1340\" srcset=\"http:\/\/saint-andre-d-olerargues.com\/wpdossier\/wp-content\/uploads\/2013\/12\/Maison-de-village-2.jpg 2008w, http:\/\/saint-andre-d-olerargues.com\/wpdossier\/wp-content\/uploads\/2013\/12\/Maison-de-village-2-300x220.jpg 300w, http:\/\/saint-andre-d-olerargues.com\/wpdossier\/wp-content\/uploads\/2013\/12\/Maison-de-village-2-800x588.jpg 800w\" sizes=\"(max-width: 2008px) 100vw, 2008px\" \/><\/a><br \/>\nMaison de village 2. (0.420 m x 0.300 m) <\/p>\n<p>__________________________________________________________________________________<\/p>\n<p><a href=\"http:\/\/saint-andre-d-olerargues.com\/wpdossier\/wp-content\/uploads\/2013\/12\/Orage-\u00e0-St-Andr\u00e9.jpg\"><img loading=\"lazy\" src=\"http:\/\/saint-andre-d-olerargues.com\/wpdossier\/wp-content\/uploads\/2013\/12\/Orage-\u00e0-St-Andr\u00e9.jpg\" alt=\"SAMSUNG DIGITAL CAMERA\" width=\"2019\" height=\"1468\" class=\"alignnone size-full wp-image-1341\" srcset=\"http:\/\/saint-andre-d-olerargues.com\/wpdossier\/wp-content\/uploads\/2013\/12\/Orage-\u00e0-St-Andr\u00e9.jpg 2019w, http:\/\/saint-andre-d-olerargues.com\/wpdossier\/wp-content\/uploads\/2013\/12\/Orage-\u00e0-St-Andr\u00e9-300x218.jpg 300w, http:\/\/saint-andre-d-olerargues.com\/wpdossier\/wp-content\/uploads\/2013\/12\/Orage-\u00e0-St-Andr\u00e9-800x581.jpg 800w\" sizes=\"(max-width: 2019px) 100vw, 2019px\" \/><\/a><br \/>\nOrage \u00e0 Saint Andr\u00e9. (0.800 m x 0.620 m)<\/p>\n<p>__________________________________________________________________________________<\/p>\n<p><a href=\"http:\/\/saint-andre-d-olerargues.com\/wpdossier\/wp-content\/uploads\/2013\/12\/Sur-la-route-de-Christol.jpg\"><img loading=\"lazy\" src=\"http:\/\/saint-andre-d-olerargues.com\/wpdossier\/wp-content\/uploads\/2013\/12\/Sur-la-route-de-Christol.jpg\" alt=\"SAMSUNG DIGITAL CAMERA\" width=\"1893\" height=\"1388\" class=\"alignnone size-full wp-image-1342\" srcset=\"http:\/\/saint-andre-d-olerargues.com\/wpdossier\/wp-content\/uploads\/2013\/12\/Sur-la-route-de-Christol.jpg 1893w, http:\/\/saint-andre-d-olerargues.com\/wpdossier\/wp-content\/uploads\/2013\/12\/Sur-la-route-de-Christol-300x219.jpg 300w, http:\/\/saint-andre-d-olerargues.com\/wpdossier\/wp-content\/uploads\/2013\/12\/Sur-la-route-de-Christol-800x586.jpg 800w\" sizes=\"(max-width: 1893px) 100vw, 1893px\" \/><\/a><br \/>\nSur la route de Christol. (0.420 m x 0.300 m) <\/p>\n<p>___________________________________________________________________________________<\/p>\n<p><a href=\"http:\/\/saint-andre-d-olerargues.com\/wpdossier\/wp-content\/uploads\/2013\/12\/Place-du-Courton.jpg\"><img loading=\"lazy\" src=\"http:\/\/saint-andre-d-olerargues.com\/wpdossier\/wp-content\/uploads\/2013\/12\/Place-du-Courton.jpg\" alt=\"SAMSUNG DIGITAL CAMERA\" width=\"2017\" height=\"1499\" class=\"alignnone size-full wp-image-1343\" srcset=\"http:\/\/saint-andre-d-olerargues.com\/wpdossier\/wp-content\/uploads\/2013\/12\/Place-du-Courton.jpg 2017w, http:\/\/saint-andre-d-olerargues.com\/wpdossier\/wp-content\/uploads\/2013\/12\/Place-du-Courton-300x222.jpg 300w, http:\/\/saint-andre-d-olerargues.com\/wpdossier\/wp-content\/uploads\/2013\/12\/Place-du-Courton-800x594.jpg 800w\" sizes=\"(max-width: 2017px) 100vw, 2017px\" \/><\/a><br \/>\nPlace du Courton. (0.420 m x 0.300 m)<\/p>\n<p>____________________________________________________________________________________ <\/p>\n<p><a href=\"http:\/\/saint-andre-d-olerargues.com\/wpdossier\/wp-content\/uploads\/2013\/12\/SDC10795.jpg\"><img loading=\"lazy\" src=\"http:\/\/saint-andre-d-olerargues.com\/wpdossier\/wp-content\/uploads\/2013\/12\/SDC10795.jpg\" alt=\"SAMSUNG DIGITAL CAMERA\" width=\"2388\" height=\"1669\" class=\"alignnone size-full wp-image-1853\" srcset=\"http:\/\/saint-andre-d-olerargues.com\/wpdossier\/wp-content\/uploads\/2013\/12\/SDC10795.jpg 2388w, http:\/\/saint-andre-d-olerargues.com\/wpdossier\/wp-content\/uploads\/2013\/12\/SDC10795-300x209.jpg 300w, http:\/\/saint-andre-d-olerargues.com\/wpdossier\/wp-content\/uploads\/2013\/12\/SDC10795-800x559.jpg 800w\" sizes=\"(max-width: 2388px) 100vw, 2388px\" \/><\/a><br \/>\nLe village perdu. (0.730 m x 0.520 m) <\/p>\n<p>________________________________________________________________________________<\/p>\n<p><a href=\"http:\/\/saint-andre-d-olerargues.com\/wpdossier\/wp-content\/uploads\/2013\/12\/SDC10796.jpg\"><img loading=\"lazy\" src=\"http:\/\/saint-andre-d-olerargues.com\/wpdossier\/wp-content\/uploads\/2013\/12\/SDC10796.jpg\" alt=\"SAMSUNG DIGITAL CAMERA\" width=\"2562\" height=\"1907\" class=\"alignnone size-full wp-image-1854\" srcset=\"http:\/\/saint-andre-d-olerargues.com\/wpdossier\/wp-content\/uploads\/2013\/12\/SDC10796.jpg 2562w, http:\/\/saint-andre-d-olerargues.com\/wpdossier\/wp-content\/uploads\/2013\/12\/SDC10796-300x223.jpg 300w, http:\/\/saint-andre-d-olerargues.com\/wpdossier\/wp-content\/uploads\/2013\/12\/SDC10796-800x595.jpg 800w\" sizes=\"(max-width: 2562px) 100vw, 2562px\" \/><\/a><br \/>\njour d&rsquo;hiver. (0.730 m x 0.520 m) <\/p>\n<p>________________________________________________________________________________<\/p>\n<p><a href=\"http:\/\/saint-andre-d-olerargues.com\/wpdossier\/wp-content\/uploads\/2013\/12\/SDC10799.jpg\"><img loading=\"lazy\" src=\"http:\/\/saint-andre-d-olerargues.com\/wpdossier\/wp-content\/uploads\/2013\/12\/SDC10799.jpg\" alt=\"SAMSUNG DIGITAL CAMERA\" width=\"2474\" height=\"1781\" class=\"alignnone size-full wp-image-1855\" srcset=\"http:\/\/saint-andre-d-olerargues.com\/wpdossier\/wp-content\/uploads\/2013\/12\/SDC10799.jpg 2474w, http:\/\/saint-andre-d-olerargues.com\/wpdossier\/wp-content\/uploads\/2013\/12\/SDC10799-300x215.jpg 300w, http:\/\/saint-andre-d-olerargues.com\/wpdossier\/wp-content\/uploads\/2013\/12\/SDC10799-800x575.jpg 800w\" sizes=\"(max-width: 2474px) 100vw, 2474px\" \/><\/a><br \/>\nl&rsquo;incendie de Rome. (0.730 m x 0.520 m) <\/p>\n<p>________________________________________________________________________________<\/p>\n<p><a href=\"http:\/\/saint-andre-d-olerargues.com\/wpdossier\/wp-content\/uploads\/2013\/12\/SDC10808.jpg\"><img loading=\"lazy\" src=\"http:\/\/saint-andre-d-olerargues.com\/wpdossier\/wp-content\/uploads\/2013\/12\/SDC10808.jpg\" alt=\"SAMSUNG DIGITAL CAMERA\" width=\"1788\" height=\"2409\" class=\"alignnone size-full wp-image-1856\" srcset=\"http:\/\/saint-andre-d-olerargues.com\/wpdossier\/wp-content\/uploads\/2013\/12\/SDC10808.jpg 1788w, http:\/\/saint-andre-d-olerargues.com\/wpdossier\/wp-content\/uploads\/2013\/12\/SDC10808-222x300.jpg 222w, http:\/\/saint-andre-d-olerargues.com\/wpdossier\/wp-content\/uploads\/2013\/12\/SDC10808-760x1024.jpg 760w\" sizes=\"(max-width: 1788px) 100vw, 1788px\" \/><\/a><br \/>\nLe passage. (0.730 m x 0.520 m) <\/p>\n<p>________________________________________________________________________________<\/p>\n","protected":false},"excerpt":{"rendered":"<p>Tous ces dessins sont r\u00e9alis\u00e9s en monochrome, \u00e0 l&rsquo;encre de chine ou \u00e0 l&rsquo;encre d&rsquo;imprimerie. Ce sont des mati\u00e8res que j&rsquo;aime beaucoup travailler, que ce soit \u00e0 la plume ou au lavis. Les dessins comportant une mise en page avec des \u00ab\u00a0taches\u00a0\u00bb sont r\u00e9alis\u00e9s en cr\u00e9ant en premier les taches et ensuite, suivant le r\u00e9sultat et l&rsquo;inspiration, je dessine dessus \u00e0 la plume les motifs r\u00e9alistes. Ancienne fa\u00e7ade du ch\u00e2teau. (0.420 m x 0.300 m) __________________________________________________________________________ Ch\u00e2teau de St Andr\u00e9. (0.420 m x 0.300 m) __________________________________________________________________________ D\u00e9doublement. ( 1.110 m x 0.765 m) __________________________________________________________________________ Explosion. (0.730 m x 0.530 m) ___________________________________________________________________________ Incendie. (0.735 m x 0.550 m) ____________________________________________________________________________ La cloche de St Andr\u00e9. (0.560 m x 0.400 m) ____________________________________________________________________________ La Flach\u00e8re. (0.420 m x 0.300 m) ______________________________________________________________________________ La grotte de Platon. (1.110 m x 0.765 m) ________________________________________________________________________________ Le refuge. (0.730 m x 0.520 m) ________________________________________________________________________________ Les amandiers en fleurs.(1.080 m x 0.750 m) _________________________________________________________________________________ Les oiseaux \u00e0 la Buissi\u00e8re.(1.110 m x 0.750 m) _________________________________________________________________________________ Maison de village 1. (0.420 m x 0.300 m) _________________________________________________________________________________ Maison de village 2. (0.420 m x 0.300 m) __________________________________________________________________________________ Orage \u00e0 Saint Andr\u00e9. (0.800 m x 0.620 m) __________________________________________________________________________________ Sur la route de Christol. (0.420 [&hellip;]<\/p>\n","protected":false},"author":1,"featured_media":0,"parent":0,"menu_order":0,"comment_status":"open","ping_status":"open","template":"","meta":[],"_links":{"self":[{"href":"http:\/\/saint-andre-d-olerargues.com\/wpdossier\/wp-json\/wp\/v2\/pages\/1324"}],"collection":[{"href":"http:\/\/saint-andre-d-olerargues.com\/wpdossier\/wp-json\/wp\/v2\/pages"}],"about":[{"href":"http:\/\/saint-andre-d-olerargues.com\/wpdossier\/wp-json\/wp\/v2\/types\/page"}],"author":[{"embeddable":true,"href":"http:\/\/saint-andre-d-olerargues.com\/wpdossier\/wp-json\/wp\/v2\/users\/1"}],"replies":[{"embeddable":true,"href":"http:\/\/saint-andre-d-olerargues.com\/wpdossier\/wp-json\/wp\/v2\/comments?post=1324"}],"version-history":[{"count":6,"href":"http:\/\/saint-andre-d-olerargues.com\/wpdossier\/wp-json\/wp\/v2\/pages\/1324\/revisions"}],"predecessor-version":[{"id":1857,"href":"http:\/\/saint-andre-d-olerargues.com\/wpdossier\/wp-json\/wp\/v2\/pages\/1324\/revisions\/1857"}],"wp:attachment":[{"href":"http:\/\/saint-andre-d-olerargues.com\/wpdossier\/wp-json\/wp\/v2\/media?parent=1324"}],"curies":[{"name":"wp","href":"https:\/\/api.w.org\/{rel}","templated":true}]}}