{"id":536,"date":"2013-08-27T10:28:46","date_gmt":"2013-08-27T08:28:46","guid":{"rendered":"http:\/\/saint-andre-d-olerargues.com\/wpdossier\/?page_id=536"},"modified":"2015-01-20T10:16:44","modified_gmt":"2015-01-20T09:16:44","slug":"a-propos-de-lauteur","status":"publish","type":"page","link":"http:\/\/saint-andre-d-olerargues.com\/wpdossier\/a-propos-de-lauteur\/","title":{"rendered":"A propos de l&rsquo;auteur."},"content":{"rendered":"<p><a href=\"http:\/\/saint-andre-d-olerargues.com\/wpdossier\/wp-content\/uploads\/2013\/08\/fig14.png\"><img loading=\"lazy\" src=\"http:\/\/saint-andre-d-olerargues.com\/wpdossier\/wp-content\/uploads\/2013\/08\/fig14.png\" alt=\"fig14\" width=\"105\" height=\"143\" class=\"alignnone size-full wp-image-538\" \/><\/a><br \/>\nJe suis G\u00e9rard LAVAL habitant de St Andr\u00e9 d&rsquo;Ol\u00e9rargues depuis plusieurs d\u00e9cennies, observateur curieux de la nature qui m&rsquo;entoure, int\u00e9ress\u00e9 par l&rsquo;histoire, la pr\u00e9-histoire et la g\u00e9ologie, j&rsquo;ai collect\u00e9 au cours de mes randonn\u00e9es une multitude d&rsquo;informations et d&rsquo;\u00e9chantillons livr\u00e9s par la terre parcourue ou les hommes rencontr\u00e9s sur la commune. <\/p>\n<p>Dans un premier temps j&rsquo;ai \u00e9crit les textes et collect\u00e9 les images. J&rsquo;ai ainsi r\u00e9alis\u00e9 un manuscrit de plus de 300 pages au format A4. Le faire \u00e9diter en limite la diffusion si tant est que cela int\u00e9resse quelqu&rsquo;un. Le mettre en ligne m&rsquo;a sembl\u00e9 \u00eatre une solution plus adapt\u00e9e.<br \/>\nVous trouverez ce site en suivant ce lien<a href=\"http:\/\/www.saint-andre-d-olerargues.com\"> \u00ab\u00a0130 millions d&rsquo;ann\u00e9es d&rsquo;histoire \u00e0 St Andr\u00e9 d&rsquo;ol\u00e9rargues.\u00a0\u00bb<\/a> <\/p>\n<p>J&rsquo;ai d&rsquo;autre part r\u00e9alis\u00e9 <a href=\"http:\/\/www.mairie-saintandredolerargues.fr\/\">le Site Officiel de la commune de St Andr\u00e9 d&rsquo;Ol\u00e9rargues<\/a> acc\u00e8s en cliquant ce lien.\t\t<\/p>\n<p>Quant \u00e0 ce blog, son objectif est d\u2019une part de pouvoir dialoguer avec les visiteurs du site d\u00e9di\u00e9 \u00e0 l\u2019histoire du village :<a href=\"http:\/\/www.saint-andre-d-olerargues.com\">  www.saint-andre-d-olerargues.com <\/a>  et d\u2019autre part donner mes impressions sur l&rsquo;actualit\u00e9, sur ce qui \u00ab\u00a0m&rsquo;\u00e9nerve\u00a0\u00bb, d\u2019\u00e9changer des recettes, des critiques de lecture, des po\u00e9sies, des r\u00e9flexions plus ou moins m\u00e9taphysiques et tout ce qu\u2019on voudra d\u2019autre &#8230;<\/p>\n<p>Les autres centres d&rsquo;int\u00e9r\u00eat que je pratique, sont notamment : le dessin d&rsquo;illustration \u00e0 la plume, la peinture en noir et blanc, la photographie, la lecture, l&rsquo;histoire et la pr\u00e9histoire &#8230; la cuisine, mes enfants et petits enfants, ma famille, mes amis et plein d&rsquo;autres choses &#8230;<\/p>\n<p>Je vous invite \u00e0 cliquer sur l&rsquo;onglet <a href=\"http:\/\/saint-andre-d-olerargues.com\/wpdossier\/galerie-de-dessins-de-lauteur\/\">\u00ab\u00a0Galerie de dessins de l&rsquo;auteur\u00a0\u00bb <\/a> pour regarder quelques-unes de mes r\u00e9alisations.<\/p>\n","protected":false},"excerpt":{"rendered":"<p>Je suis G\u00e9rard LAVAL habitant de St Andr\u00e9 d&rsquo;Ol\u00e9rargues depuis plusieurs d\u00e9cennies, observateur curieux de la nature qui m&rsquo;entoure, int\u00e9ress\u00e9 par l&rsquo;histoire, la pr\u00e9-histoire et la g\u00e9ologie, j&rsquo;ai collect\u00e9 au cours de mes randonn\u00e9es une multitude d&rsquo;informations et d&rsquo;\u00e9chantillons livr\u00e9s par la terre parcourue ou les hommes rencontr\u00e9s sur la commune. Dans un premier temps j&rsquo;ai \u00e9crit les textes et collect\u00e9 les images. J&rsquo;ai ainsi r\u00e9alis\u00e9 un manuscrit de plus de 300 pages au format A4. Le faire \u00e9diter en limite la diffusion si tant est que cela int\u00e9resse quelqu&rsquo;un. Le mettre en ligne m&rsquo;a sembl\u00e9 \u00eatre une solution plus adapt\u00e9e. Vous trouverez ce site en suivant ce lien \u00ab\u00a0130 millions d&rsquo;ann\u00e9es d&rsquo;histoire \u00e0 St Andr\u00e9 d&rsquo;ol\u00e9rargues.\u00a0\u00bb J&rsquo;ai d&rsquo;autre part r\u00e9alis\u00e9 le Site Officiel de la commune de St Andr\u00e9 d&rsquo;Ol\u00e9rargues acc\u00e8s en cliquant ce lien. Quant \u00e0 ce blog, son objectif est d\u2019une part de pouvoir dialoguer avec les visiteurs du site d\u00e9di\u00e9 \u00e0 l\u2019histoire du village : www.saint-andre-d-olerargues.com et d\u2019autre part donner mes impressions sur l&rsquo;actualit\u00e9, sur ce qui \u00ab\u00a0m&rsquo;\u00e9nerve\u00a0\u00bb, d\u2019\u00e9changer des recettes, des critiques de lecture, des po\u00e9sies, des r\u00e9flexions plus ou moins m\u00e9taphysiques et tout ce qu\u2019on voudra d\u2019autre &#8230; Les autres centres d&rsquo;int\u00e9r\u00eat que je [&hellip;]<\/p>\n","protected":false},"author":1,"featured_media":0,"parent":0,"menu_order":0,"comment_status":"open","ping_status":"open","template":"","meta":[],"_links":{"self":[{"href":"http:\/\/saint-andre-d-olerargues.com\/wpdossier\/wp-json\/wp\/v2\/pages\/536"}],"collection":[{"href":"http:\/\/saint-andre-d-olerargues.com\/wpdossier\/wp-json\/wp\/v2\/pages"}],"about":[{"href":"http:\/\/saint-andre-d-olerargues.com\/wpdossier\/wp-json\/wp\/v2\/types\/page"}],"author":[{"embeddable":true,"href":"http:\/\/saint-andre-d-olerargues.com\/wpdossier\/wp-json\/wp\/v2\/users\/1"}],"replies":[{"embeddable":true,"href":"http:\/\/saint-andre-d-olerargues.com\/wpdossier\/wp-json\/wp\/v2\/comments?post=536"}],"version-history":[{"count":11,"href":"http:\/\/saint-andre-d-olerargues.com\/wpdossier\/wp-json\/wp\/v2\/pages\/536\/revisions"}],"predecessor-version":[{"id":3893,"href":"http:\/\/saint-andre-d-olerargues.com\/wpdossier\/wp-json\/wp\/v2\/pages\/536\/revisions\/3893"}],"wp:attachment":[{"href":"http:\/\/saint-andre-d-olerargues.com\/wpdossier\/wp-json\/wp\/v2\/media?parent=536"}],"curies":[{"name":"wp","href":"https:\/\/api.w.org\/{rel}","templated":true}]}}