{"id":568,"date":"2013-08-29T09:06:13","date_gmt":"2013-08-29T07:06:13","guid":{"rendered":"http:\/\/saint-andre-d-olerargues.com\/wpdossier\/?page_id=568"},"modified":"2014-02-22T09:31:37","modified_gmt":"2014-02-22T08:31:37","slug":"a-propos-de-ce-blog","status":"publish","type":"page","link":"http:\/\/saint-andre-d-olerargues.com\/wpdossier\/a-propos-de-ce-blog\/","title":{"rendered":"A propos de ce blog."},"content":{"rendered":"<p><span style=\"color: #800000 \"> <strong> Ce blog est divis\u00e9 en plusieurs cat\u00e9gories que chacun peut consulter suivant ce qu&rsquo;il recherche et ce qui l&rsquo;int\u00e9resse.<\/strong><\/span><\/p>\n<p>Ainsi dans les cat\u00e9gories : (cliquez sur le titre de la cat\u00e9gorie ci-dessous)<\/p>\n<blockquote><p> <strong><a href=\"http:\/\/saint-andre-d-olerargues.com\/wpdossier\/blog\/category\/a-propos-du-site-saint-andre-d-olerargues-com\/\">A propos du site www.saint-andre-d-olerargues.com<\/a><br \/>\n<\/strong><br \/>\nVous y trouverez l&rsquo;annonce des nouveaut\u00e9s mise en ligne concernant l&rsquo;histoire et la pr\u00e9histoire du village.<\/blockquote>\n<blockquote><p><strong><a href=\"http:\/\/saint-andre-d-olerargues.com\/wpdossier\/blog\/category\/de-la-m-pour-ne-pas-dire-du-poison-dans-nos-assiettes\/\" >De la m&#8230; pour ne pas dire plus, dans nos assiettes.<\/a> <\/strong><\/p>\n<p>Vous y trouverez quelques articles, liens et commentaires sur les d\u00e9rives de l&rsquo;agriculture, des industriels de la chimie et de l&rsquo;agroalimentaire qui nous empoisonnent pour leur plus grand profit.<\/p>\n<p><span style=\"color: yellow \">Remarque importante: Je ne suis pas un m\u00e9decin. Tout le contenu de cette rubrique d\u2019information est un commentaire ou une opinion et est prot\u00e9g\u00e9 en vertu des lois sur la libert\u00e9 d\u2019expression dans tout le monde civilis\u00e9. Les informations contenues dans ce document sont destin\u00e9es \u00e0 des fins \u00e9ducatives seulement. Il n\u2019est pas con\u00e7u comme un substitut pour le diagnostic, le traitement ou les conseils d\u2019un professionnel agr\u00e9\u00e9 qualifi\u00e9. Les faits pr\u00e9sent\u00e9s sur ce site sont offerts \u00e0 titre d\u2019information uniquement, ce ne sont pas des conseils m\u00e9dicaux, et en aucune fa\u00e7on on ne devrait consid\u00e9rer que je suis pratiquant en m\u00e9decine. Un effort d\u00e9lib\u00e9r\u00e9 a \u00e9t\u00e9 fait pour que les informations pr\u00e9sentes soient \u00e0 la fois exactes et v\u00e9ridiques. Cependant, je n\u2019assume aucune responsabilit\u00e9 pour les \u00e9ventuelles inexactitudes dans mon mat\u00e9riel de source, pas plus que je assume la responsabilit\u00e9 de la fa\u00e7on dont ce mat\u00e9riel est utilis\u00e9.<\/span><\/blockquote>\n<blockquote><p><strong><a href=\"http:\/\/saint-andre-d-olerargues.com\/wpdossier\/blog\/category\/des-nouvelles-de-st-andre\/\" >Des nouvelles de St Andr\u00e9<\/a> <\/strong><\/p>\n<p>Vous y trouverez annonces et commentaires sur les f\u00eates et manifestation du village et des alentours <\/p><\/blockquote>\n<blockquote><p><strong><a href=\"http:\/\/saint-andre-d-olerargues.com\/wpdossier\/blog\/category\/commentaires-sur-quelques-livres\/\">Litt\u00e9rature : Livres <\/a><\/strong><\/p>\n<p>Dire que c&rsquo;est une critique litt\u00e9raire serait pr\u00e9tentieux de ma part. C&rsquo;est plut\u00f4t des conseils de lecture, quelques mots sur un livre que j&rsquo;ai bien aim\u00e9, et qui n&rsquo;est pas le dernier paru en librairie. Au fil du temps cela fera une liste de livres que j&rsquo;ai trouv\u00e9s sympas. <\/p><\/blockquote>\n<blockquote><p><strong><a href=\"http:\/\/saint-andre-d-olerargues.com\/wpdossier\/blog\/category\/quelques-poemes\/\"> Litt\u00e9rature : po\u00e9sies<\/a>.<\/strong><\/p>\n<p>Si vous aimez la po\u00e9sie, pas celle qui prend la t\u00eate, il y aura l\u00e0 au fil du temps une anthologie de la po\u00e9sie que j&rsquo;aime, et quelques curiosit\u00e9s sur cette \u00e9criture particuli\u00e8re.<\/p><\/blockquote>\n<blockquote><p><strong><a href=\"http:\/\/saint-andre-d-olerargues.com\/wpdossier\/blog\/category\/pensees-de-mon-jardin\/\" >Pens\u00e9es de mon jardin<\/a><\/strong><\/p>\n<p>Dans ce chapitre vous y trouverez des r\u00e9flexions personnelles sur des sujets plus ou moins m\u00e9taphysiques, des pens\u00e9es vagabondes de l&rsquo;esprit que j&rsquo;ai r\u00e9ussies \u00e0 capter au passage.<\/p><\/blockquote>\n<blockquote><p><strong><a href=\"http:\/\/saint-andre-d-olerargues.com\/wpdossier\/blog\/category\/recettes\/\">Recettes<\/a><\/strong><\/p>\n<p>L\u00e0 tout est dit dans le titre. Cependant ce n&rsquo;est pas un blog de recettes, il y en a tant et tr\u00e8s complet. Je n&rsquo;y mettrais que des recettes personnelles et si possible originales<\/p><\/blockquote>\n<blockquote><p><strong><a href=\"http:\/\/saint-andre-d-olerargues.com\/wpdossier\/blog\/category\/sans-categorie\/\"> Sans cat\u00e9gorie<\/a><\/strong><\/p>\n<p>Dans la cat\u00e9gorie \u00ab\u00a0Sans cat\u00e9gorie\u00a0\u00bb j&rsquo;y mettrais les sujets que je ne sais pas classer<\/p><\/blockquote>\n<blockquote><p><strong><a href=\"http:\/\/saint-andre-d-olerargues.com\/wpdossier\/blog\/category\/on-nous-prend-pour-des-c\/\">On nous prend pour des c&#8230;<\/a><\/strong><\/p>\n<p>Tout est dit dans le titre ! J&rsquo;y parlerai des abus du pouvoir de nos politiques, de leurs aberrations volontaires ou non et comment on nous fait marcher sur la t\u00eate bien malgr\u00e9 nous !<\/p><\/blockquote>\n","protected":false},"excerpt":{"rendered":"<p>Ce blog est divis\u00e9 en plusieurs cat\u00e9gories que chacun peut consulter suivant ce qu&rsquo;il recherche et ce qui l&rsquo;int\u00e9resse. Ainsi dans les cat\u00e9gories : (cliquez sur le titre de la cat\u00e9gorie ci-dessous) A propos du site www.saint-andre-d-olerargues.com Vous y trouverez l&rsquo;annonce des nouveaut\u00e9s mise en ligne concernant l&rsquo;histoire et la pr\u00e9histoire du village. De la m&#8230; pour ne pas dire plus, dans nos assiettes. Vous y trouverez quelques articles, liens et commentaires sur les d\u00e9rives de l&rsquo;agriculture, des industriels de la chimie et de l&rsquo;agroalimentaire qui nous empoisonnent pour leur plus grand profit. Remarque importante: Je ne suis pas un m\u00e9decin. Tout le contenu de cette rubrique d\u2019information est un commentaire ou une opinion et est prot\u00e9g\u00e9 en vertu des lois sur la libert\u00e9 d\u2019expression dans tout le monde civilis\u00e9. Les informations contenues dans ce document sont destin\u00e9es \u00e0 des fins \u00e9ducatives seulement. Il n\u2019est pas con\u00e7u comme un substitut pour le diagnostic, le traitement ou les conseils d\u2019un professionnel agr\u00e9\u00e9 qualifi\u00e9. Les faits pr\u00e9sent\u00e9s sur ce site sont offerts \u00e0 titre d\u2019information uniquement, ce ne sont pas des conseils m\u00e9dicaux, et en aucune fa\u00e7on on ne devrait consid\u00e9rer que je suis pratiquant en m\u00e9decine. Un effort d\u00e9lib\u00e9r\u00e9 a \u00e9t\u00e9 [&hellip;]<\/p>\n","protected":false},"author":1,"featured_media":0,"parent":0,"menu_order":0,"comment_status":"open","ping_status":"open","template":"","meta":[],"_links":{"self":[{"href":"http:\/\/saint-andre-d-olerargues.com\/wpdossier\/wp-json\/wp\/v2\/pages\/568"}],"collection":[{"href":"http:\/\/saint-andre-d-olerargues.com\/wpdossier\/wp-json\/wp\/v2\/pages"}],"about":[{"href":"http:\/\/saint-andre-d-olerargues.com\/wpdossier\/wp-json\/wp\/v2\/types\/page"}],"author":[{"embeddable":true,"href":"http:\/\/saint-andre-d-olerargues.com\/wpdossier\/wp-json\/wp\/v2\/users\/1"}],"replies":[{"embeddable":true,"href":"http:\/\/saint-andre-d-olerargues.com\/wpdossier\/wp-json\/wp\/v2\/comments?post=568"}],"version-history":[{"count":15,"href":"http:\/\/saint-andre-d-olerargues.com\/wpdossier\/wp-json\/wp\/v2\/pages\/568\/revisions"}],"predecessor-version":[{"id":1917,"href":"http:\/\/saint-andre-d-olerargues.com\/wpdossier\/wp-json\/wp\/v2\/pages\/568\/revisions\/1917"}],"wp:attachment":[{"href":"http:\/\/saint-andre-d-olerargues.com\/wpdossier\/wp-json\/wp\/v2\/media?parent=568"}],"curies":[{"name":"wp","href":"https:\/\/api.w.org\/{rel}","templated":true}]}}