{"id":6378,"date":"2017-04-24T15:36:30","date_gmt":"2017-04-24T13:36:30","guid":{"rendered":"http:\/\/saint-andre-d-olerargues.com\/wpdossier\/?page_id=6378"},"modified":"2017-04-24T15:38:00","modified_gmt":"2017-04-24T13:38:00","slug":"liens-vers-des-sites-du-meme-auteur","status":"publish","type":"page","link":"http:\/\/saint-andre-d-olerargues.com\/wpdossier\/liens-vers-des-sites-du-meme-auteur\/","title":{"rendered":"Liens vers des sites du m\u00eame auteur"},"content":{"rendered":"<p><a href=\"http:\/\/www.saint-andre-d-olerargues.com\/index.html\"> <span style=\"color:rgb(255,128,0);\"> PETITE HISTOIRE DU PASSE, DES LIEUX ET DES HABITANTS DE SAINT ANDRE D\u2019OLERARGUES <\/span><\/a>Mille hectares et cent trente millions d&rsquo;ann\u00e9es d&rsquo;histoire.<\/p>\n<p><a href=\"http:\/\/www.mairie-saintandredolerargues.fr\/\"> <span style=\"color:rgb(255,128,0);\"> Site officiel de la commune de Saint Andr\u00e9 d&rsquo;Ol\u00e9rargues <\/span> <\/a> <\/p>\n<p><a href=\"http:\/\/www.patrimoine.mairie-saintandredolerargues.fr\/\"><span style=\"color:rgb(255,128,0);\"> Patrimoine historique et architectural public et priv\u00e9 de St Andre d&rsquo;Olerargues<\/span><\/a><\/p>\n<p><a href=\"http:\/\/archives.mairie-saintandredolerargues.fr\/\"><span style=\"color:rgb(255,128,0);\"> Archives num\u00e9ris\u00e9es de la commune de Saint Andr\u00e9 d&rsquo;Ol\u00e9rargues <\/span><\/a><\/p>\n<p><a href=\"http:\/\/www.valsauve.saint-andre-d-olerargues.com\/index.html\"><span style=\"color:rgb(255,128,0);\"> L&rsquo;Abbaye royale de Notre Dame de Valsauve <\/span><\/a><\/p>\n","protected":false},"excerpt":{"rendered":"<p>PETITE HISTOIRE DU PASSE, DES LIEUX ET DES HABITANTS DE SAINT ANDRE D\u2019OLERARGUES Mille hectares et cent trente millions d&rsquo;ann\u00e9es d&rsquo;histoire. Site officiel de la commune de Saint Andr\u00e9 d&rsquo;Ol\u00e9rargues Patrimoine historique et architectural public et priv\u00e9 de St Andre d&rsquo;Olerargues Archives num\u00e9ris\u00e9es de la commune de Saint Andr\u00e9 d&rsquo;Ol\u00e9rargues L&rsquo;Abbaye royale de Notre Dame de Valsauve<\/p>\n","protected":false},"author":1,"featured_media":0,"parent":0,"menu_order":0,"comment_status":"closed","ping_status":"closed","template":"","meta":[],"_links":{"self":[{"href":"http:\/\/saint-andre-d-olerargues.com\/wpdossier\/wp-json\/wp\/v2\/pages\/6378"}],"collection":[{"href":"http:\/\/saint-andre-d-olerargues.com\/wpdossier\/wp-json\/wp\/v2\/pages"}],"about":[{"href":"http:\/\/saint-andre-d-olerargues.com\/wpdossier\/wp-json\/wp\/v2\/types\/page"}],"author":[{"embeddable":true,"href":"http:\/\/saint-andre-d-olerargues.com\/wpdossier\/wp-json\/wp\/v2\/users\/1"}],"replies":[{"embeddable":true,"href":"http:\/\/saint-andre-d-olerargues.com\/wpdossier\/wp-json\/wp\/v2\/comments?post=6378"}],"version-history":[{"count":3,"href":"http:\/\/saint-andre-d-olerargues.com\/wpdossier\/wp-json\/wp\/v2\/pages\/6378\/revisions"}],"predecessor-version":[{"id":6381,"href":"http:\/\/saint-andre-d-olerargues.com\/wpdossier\/wp-json\/wp\/v2\/pages\/6378\/revisions\/6381"}],"wp:attachment":[{"href":"http:\/\/saint-andre-d-olerargues.com\/wpdossier\/wp-json\/wp\/v2\/media?parent=6378"}],"curies":[{"name":"wp","href":"https:\/\/api.w.org\/{rel}","templated":true}]}}